{"id":4767,"date":"2016-09-25T12:03:49","date_gmt":"2016-09-25T04:03:49","guid":{"rendered":"http:\/\/vwonlineluxury.com\/?post_type=product&#038;p=4767"},"modified":"2016-11-06T16:46:40","modified_gmt":"2016-11-06T08:46:40","slug":"nk4","status":"publish","type":"product","link":"http:\/\/vwonlineluxury.com\/en\/product\/nk4\/","title":{"rendered":"Nicolas Koeckert &#8211; Frolov : Concert Fantasy\/ Divertissement\/ Romance\/ Spanish Fantasy\/NK4"},"content":{"rendered":"<p><\/p>\n<h3><span style=\"color: #b38a34;\"><strong>Nicolas Koeckert (Germany)<\/strong><\/span><br \/>\n<span style=\"color: #b38a34;\">Frolov<\/span><br \/>\n<span style=\"color: #b38a34;\"><strong>Concert Fantasy<br \/>\nDivertissement<br \/>\nRomance<br \/>\nSpanish Fantasy<\/strong><\/span><br \/>\n<span style=\"color: #b38a34;\"><strong>by Nicolas Koeckert and Rudolf Joachim Koeckert (Violins), Kristina Miller (Piano)<\/strong><\/span><\/h3>\n<p style=\"text-align: justify;\"><span style=\"color: #808080;\">Nicolas Koeckert, violinist of German, Brazilian and part Jewish descent, was born in Munich to a well-known family of musicians. He has performed at major venues internationally since many years. His expressive and passionate interpretations, combined with technical mastery and warm tone, have enthralled both audiences and the press.<\/span><\/p>\n<p style=\"text-align: justify;\"><span style=\"color: #808080;\">Having already won first prize in the Novosibirsk International Violin Competition in 2001, along with the award for the best interpretation of the set work and the prize for cultural excellence from the city of Novosibirsk, Nicolas Koeckert became the first German prize-winner at the prestigious International Tchaikovsky Competition in Moscow. In the same year, the state of Bavaria marked his exceptional achievements as a violinist by awarding him its prize for artistic development. In 2003, he was a prize-winner in the Montreal International Music Competition and he took the second prize in the International Liana Isakadze Competition in St. Petersburg.<\/span><\/p>\n<p style=\"text-align: justify;\"><span style=\"color: #808080;\">Nicolas has worked with renowned conductors including Lawrence Foster, Sir Colin Davis, Michail Jurowski, John Neschling, Jonathan Nott, Asher Fisch, Jos\u00e9 Serebrier, Christoph Poppen, Saulius Sondeckis, Andris Nelsons, Theodor Guschlbauer, Ari Rasilainen, Ira Levin, Nicholas Milton, Ed Spanjaard, Victor Pablo P\u00e9rez, Fabio Mechetti, Marc Piollet, Emil Tabakov, Osvaldo Ferreira, Gabriel Feltz and Markus Poschner. He has performed worldwide with leading orchestras, including the Montreal Symphony, Russian National Symphony, Royal Philharmonic, Bamberg Symphony, KBS Symphony, German Radio Philharmonic Saarbr\u00fccken Kaiserslautern, as well as the S\u00e3o Paulo Symphony, Brazil Symphony, National Theatre Symphony Brasilia, Zagreb Philharmonic, Norrk\u00f6ping Symphony, Limburg Symphony, Lithuanian Chamber Orchestra, Cappella Istropolitana, Munich Chamber Orchestra and Bavarian Radio Symhony. As a chamber musician, Nicolas Koeckert has collaborated with artists including Liana Isakadze, Ivan Monigetti, Jan Vogler, Milana Chernjavska, Rudolf Koeckert, Ben Kim, Danjulo Ishizaka and his current pianist, Kristina Miller-Koeckert.<\/span><\/p>\n<p style=\"text-align: justify;\"><span style=\"color: #808080;\">Nicolas Koeckert gained his foundation in violin-playing from the Russian teacher Olga Voitowa. At age 16, he commenced his violin studies with Professor Grigori Zhislin at the University of Music W\u00fcrzburg. From 1998, these continued with Professor Zakhar Bron at the Cologne University of Music, where he received his Master of Music degree with Distinction following a final performance in 2007.<\/span><\/p>\n<p style=\"text-align: justify;\"><span style=\"color: #808080;\">Nicolas Koeckert has now formed a close partnership with the Naxos label. In the meantime, he has assembled an extensive, prize-winning discography, including his recording of Russian and Slavonic Miniatures arranged by Fritz Kreisler which was selected as \u201cThe Strad\u201d magazine\u2019s recording of the month. CD releases have included arrangements by Igor Frolov, with pianist Kristina Miller-Koeckert, as well as recordings of Aram Khachaturian\u2019s Violin Concerto and Concerto-Rhapsody with the Royal Philharmonic Orchestra under Jos\u00e9 Serebrier \u2013 a recording that Naxos chose as CD of the Month and which, for a long time, ranked third on their best-sellers list. His latest CD release, of Studies for Solo Violin and for Violin Duet by Pierre Rode, paired him with his father Rudolf Koeckert. Nicolas Koeckert has also been presented in numerous radio and television recordings around the world.<\/span><\/p>\n<p style=\"text-align: justify;\"><span style=\"color: #808080;\">For several years, Nicolas has regularly taught and given masterclasses, at home and abroad. He took up a Professorship at the Konservatorium Wien University, starting in the winter term 2011. He is appointed in 2014 as \u201cHonorary Artist-Faculty Member\u201d of the Hong Kong Music and Performing School.<\/span><\/p>\n<p style=\"text-align: justify;\"><span style=\"color: #808080;\">Nicolas Koeckert plays on a violin by Giovanni Battista Guadagnini from Milano.<\/span><\/p>\n<p><\/p>","protected":false},"excerpt":{"rendered":"<p>Nicolas Koecker \u201cFrolov \u2013 Concert Fantasy, Divertissement, Romance, Spanish Fantasy\u201d Charity Sale in Hong Kong. Net proceeds will be donated to the Hong Kong Music and Performing Foundation for charitable purposes, to enhance and publicize the education of music and arts for the future generations. For further enquiries, please contact at info@HKMusicPerforming.com or Phone (852) 95824389 or\u00a0WhatsApp &amp; WeChat (852) 9380 2869.<\/p>\n","protected":false},"featured_media":4768,"comment_status":"open","ping_status":"closed","template":"","meta":[],"product_brand":[],"product_cat":[121,207,231],"product_tag":[],"class_list":{"0":"post-4767","1":"product","2":"type-product","3":"status-publish","4":"has-post-thumbnail","6":"product_cat-highend-artmusic","7":"product_cat-cds","8":"product_cat-nicolas-koeckert","10":"first","11":"instock","12":"shipping-taxable","13":"purchasable","14":"product-type-simple"},"_links":{"self":[{"href":"http:\/\/vwonlineluxury.com\/en\/wp-json\/wp\/v2\/product\/4767","targetHints":{"allow":["GET"]}}],"collection":[{"href":"http:\/\/vwonlineluxury.com\/en\/wp-json\/wp\/v2\/product"}],"about":[{"href":"http:\/\/vwonlineluxury.com\/en\/wp-json\/wp\/v2\/types\/product"}],"replies":[{"embeddable":true,"href":"http:\/\/vwonlineluxury.com\/en\/wp-json\/wp\/v2\/comments?post=4767"}],"wp:featuredmedia":[{"embeddable":true,"href":"http:\/\/vwonlineluxury.com\/en\/wp-json\/wp\/v2\/media\/4768"}],"wp:attachment":[{"href":"http:\/\/vwonlineluxury.com\/en\/wp-json\/wp\/v2\/media?parent=4767"}],"wp:term":[{"taxonomy":"product_brand","embeddable":true,"href":"http:\/\/vwonlineluxury.com\/en\/wp-json\/wp\/v2\/product_brand?post=4767"},{"taxonomy":"product_cat","embeddable":true,"href":"http:\/\/vwonlineluxury.com\/en\/wp-json\/wp\/v2\/product_cat?post=4767"},{"taxonomy":"product_tag","embeddable":true,"href":"http:\/\/vwonlineluxury.com\/en\/wp-json\/wp\/v2\/product_tag?post=4767"}],"curies":[{"name":"wp","href":"https:\/\/api.w.org\/{rel}","templated":true}]}}