{"id":6040,"date":"2017-03-23T17:21:23","date_gmt":"2017-03-23T09:21:23","guid":{"rendered":"http:\/\/vwonlineluxury.com\/?post_type=product&#038;p=6040"},"modified":"2022-02-09T18:42:38","modified_gmt":"2022-02-09T10:42:38","slug":"frenchmay-incomparablemusic-b","status":"publish","type":"product","link":"https:\/\/vwonlineluxury.com\/en\/product\/frenchmay-incomparablemusic-b\/","title":{"rendered":"Tickets Package \u2022 Le French May 2017 | Incomparable Music with Vincent Larderet"},"content":{"rendered":"<p><strong><span style=\"color: #b38a34;\"><img loading=\"lazy\" decoding=\"async\" class=\"alignleft wp-image-6180 size-large\" src=\"http:\/\/vwonlineluxury.com\/wp-content\/uploads\/2016\/11\/FrenchMay17Poster4x6-GBR-724x1024.jpg\" alt=\"\" width=\"724\" height=\"1024\" srcset=\"https:\/\/vwonlineluxury.com\/wp-content\/uploads\/2016\/11\/FrenchMay17Poster4x6-GBR-724x1024.jpg 724w, https:\/\/vwonlineluxury.com\/wp-content\/uploads\/2016\/11\/FrenchMay17Poster4x6-GBR-600x849.jpg 600w, https:\/\/vwonlineluxury.com\/wp-content\/uploads\/2016\/11\/FrenchMay17Poster4x6-GBR-212x300.jpg 212w, https:\/\/vwonlineluxury.com\/wp-content\/uploads\/2016\/11\/FrenchMay17Poster4x6-GBR-768x1087.jpg 768w, https:\/\/vwonlineluxury.com\/wp-content\/uploads\/2016\/11\/FrenchMay17Poster4x6-GBR-149x211.jpg 149w, https:\/\/vwonlineluxury.com\/wp-content\/uploads\/2016\/11\/FrenchMay17Poster4x6-GBR.jpg 1060w\" sizes=\"auto, (max-width: 724px) 100vw, 724px\" \/><\/span><\/strong><\/p>\n<h2><strong><span style=\"color: #b38a34;\">INCOMPARABLE MUSIC WITH VINCENT LARDERET<\/span><\/strong><\/h2>\n<p><strong><span style=\"color: #b38a34;\">28 June 2017 (Wed) 7PM<\/span><\/strong><br \/>\n<strong><span style=\"color: #b38a34;\">ISABELLE RIBOT ART PAINTING EXHIBITION &amp; COCKTAIL RECEPTION<\/span><\/strong><br \/>\n<strong><span style=\"color: #b38a34;\">28 June 2017 (Wed) 8PM<\/span><\/strong><br \/>\n<strong><span style=\"color: #b38a34;\">VINCENT LARDERET PIANO RECITAL<\/span><\/strong><\/p>\n<p><strong><span style=\"color: #b38a34;\">29 June 2017 (Thu) 7PM<\/span><\/strong><br \/>\n<strong><span style=\"color: #b38a34;\">ISABELLE RIBOT ART PAINTING EXHIBITION &amp; COCKTAIL RECEPTION<\/span><\/strong><br \/>\n<strong><span style=\"color: #b38a34;\">29 June 2017 (Thu) 8PM<\/span><\/strong><br \/>\n<strong><span style=\"color: #b38a34;\">HONG KONG MUSIC AND PERFORMING SCHOOL FACULTY ARTIST CHAMBER CONCERT<\/span><\/strong><\/p>\n<p><span style=\"color: #808080;\">Vincent Larderet is worthy of the title of highest end French concert pianist of the 21st century. His 3 world premiere recordings of Schmitt&#8217;s <em>La Trag\u00e9die de Salom\u00e9<\/em>, Ravel&#8217;s <em>Orchestral &amp; Virtuoso Piano<\/em> and Ravel&#8217;s <em>Concertos<\/em> &amp; Schmitt <em>J&#8217;entends dans le lointain<\/em>&#8230; won a total of 24 worldwide awards. Larderet is the only living French pianist who received this honor and attracted international recognition for the exceptional intensity of his very personal and deeply inspired interpretations often compared to the piano legends such as Michelangeli, Arrau, Zimerman and Argerich. Praised as an &#8220;impressive pianist&#8221; (<em>MusicWeb<\/em> <em>International<\/em>, UK) for his &#8220;very lyrical playing&#8221; (<em>Crescendo Magazine<\/em>, Belgium) and his &#8220;multi-timbred&#8221; sound (<em>Fanfare<\/em>, USA), he &#8220;makes the piano equal to an orchestra&#8221; (<em>Classica<\/em>, France) with a wide range of &#8220;fascinating pianistic colors&#8221; (<em>PIANO News<\/em>, Germany). Internationally renowned as a Ravel specialist, he studied Ravel&#8217;s works on Perlemuter&#8217;s personal scores annotated after his collaboration with the composer. Graduated from L\u00fcbeck&#8217;s Musikhochschule in Germany with the legendary pianist Bruno-Leonardo Gelber, he is a winner of various international prizes such as Maria Canals in Barcelona, A.M.A. Calabria (in Italy under the jury of Lazar Berman) and Brest. Honored by the revered title of &#8220;Steinway Artist&#8221; and nominated for the &#8220;International Classical Music Awards&#8221; (ICMA), he is also &#8220;Classical Revelation&#8221; by Adami winner at MIDEM in Cannes and laureate of the &#8220;International Orpheum foundation for young Soloists&#8221; in Switzerland. Mr Larderet has performed worldwide in recital and concerto at prestigious venues. He is also the Artistic Director of the &#8220;Piano au Mus\u00e9e W\u00fcrth&#8221; international festival in France. For his solo recital during &#8220;Le French May&#8221; associated project, Larderet will perform Debussy, Liszt, Ravel and Berg piano works including the first presentation in HK of his new Brahms &#8211; Berg ARS SACD-CD. In the chamber music concert, Larderet alongside with the first German prize-winner at the International Tchaikovsky Competition Nicolas Koeckert, the most influential Chinese cellist in the World Chu Yi-Bing and the first Prize Winner of the Stravinsky Awards International Piano Competition Hong Kong pianist Warren Lee, 4 distinguished world class performers brings audience an exquisite chamber music concert. The French contemporary artist Isabelle Ribot\u2019s Art painting exhibition and cocktail reception starting before the concerts. This world-class high end Art and cultural event is not to be\u00a0missed!<\/span><\/p>\n<h3 style=\"text-align: center;\"><span style=\"color: #b38a34;\"><strong>***************************<\/strong><\/span><br \/>\n<span style=\"color: #b38a34;\"><strong>ISABELLE RIBOT ART PAINTING<\/strong><\/span><\/h3>\n<p><a href=\"http:\/\/hkmusicperforming.com\/wp-content\/uploads\/2017\/01\/IDORU-ADOREE-180M-X-150M-acrtela-.jpg\"><img loading=\"lazy\" decoding=\"async\" class=\"alignnone wp-image-5986 size-medium\" src=\"http:\/\/vwonlineluxury.com\/wp-content\/uploads\/2016\/11\/IDORU-ADOREE-180M-X-150M-acrtela--229x300.jpg\" alt=\"\" width=\"229\" height=\"300\" srcset=\"https:\/\/vwonlineluxury.com\/wp-content\/uploads\/2016\/11\/IDORU-ADOREE-180M-X-150M-acrtela--229x300.jpg 229w, https:\/\/vwonlineluxury.com\/wp-content\/uploads\/2016\/11\/IDORU-ADOREE-180M-X-150M-acrtela--161x211.jpg 161w, https:\/\/vwonlineluxury.com\/wp-content\/uploads\/2016\/11\/IDORU-ADOREE-180M-X-150M-acrtela-.jpg 425w\" sizes=\"auto, (max-width: 229px) 100vw, 229px\" \/><img loading=\"lazy\" decoding=\"async\" class=\"alignnone wp-image-5987\" src=\"http:\/\/vwonlineluxury.com\/wp-content\/uploads\/2016\/11\/4BD7-620-300x150.jpg\" alt=\"\" width=\"598\" height=\"300\" srcset=\"https:\/\/vwonlineluxury.com\/wp-content\/uploads\/2016\/11\/4BD7-620-300x150.jpg 300w, https:\/\/vwonlineluxury.com\/wp-content\/uploads\/2016\/11\/4BD7-620-600x301.jpg 600w, https:\/\/vwonlineluxury.com\/wp-content\/uploads\/2016\/11\/4BD7-620-421x211.jpg 421w, https:\/\/vwonlineluxury.com\/wp-content\/uploads\/2016\/11\/4BD7-620.jpg 620w\" sizes=\"auto, (max-width: 598px) 100vw, 598px\" \/><img loading=\"lazy\" decoding=\"async\" class=\"alignnone wp-image-5988 size-medium\" src=\"http:\/\/vwonlineluxury.com\/wp-content\/uploads\/2016\/11\/IDORU-8-150mx180m-acr_tela-237x300.jpg\" alt=\"\" width=\"237\" height=\"300\" srcset=\"https:\/\/vwonlineluxury.com\/wp-content\/uploads\/2016\/11\/IDORU-8-150mx180m-acr_tela-237x300.jpg 237w, https:\/\/vwonlineluxury.com\/wp-content\/uploads\/2016\/11\/IDORU-8-150mx180m-acr_tela-600x759.jpg 600w, https:\/\/vwonlineluxury.com\/wp-content\/uploads\/2016\/11\/IDORU-8-150mx180m-acr_tela-768x971.jpg 768w, https:\/\/vwonlineluxury.com\/wp-content\/uploads\/2016\/11\/IDORU-8-150mx180m-acr_tela-810x1024.jpg 810w, https:\/\/vwonlineluxury.com\/wp-content\/uploads\/2016\/11\/IDORU-8-150mx180m-acr_tela-167x211.jpg 167w, https:\/\/vwonlineluxury.com\/wp-content\/uploads\/2016\/11\/IDORU-8-150mx180m-acr_tela.jpg 900w\" sizes=\"auto, (max-width: 237px) 100vw, 237px\" \/><\/a><\/p>\n<h3 style=\"text-align: center;\"><span style=\"color: #b38a34;\"><strong>***************************<\/strong><\/span><\/h3>\n<p><img loading=\"lazy\" decoding=\"async\" class=\"alignnone wp-image-6181 size-large\" src=\"http:\/\/vwonlineluxury.com\/wp-content\/uploads\/2016\/11\/FrenchMayLeaflet-RGB-724x1024.jpg\" alt=\"\" width=\"724\" height=\"1024\" srcset=\"https:\/\/vwonlineluxury.com\/wp-content\/uploads\/2016\/11\/FrenchMayLeaflet-RGB-724x1024.jpg 724w, https:\/\/vwonlineluxury.com\/wp-content\/uploads\/2016\/11\/FrenchMayLeaflet-RGB-600x848.jpg 600w, https:\/\/vwonlineluxury.com\/wp-content\/uploads\/2016\/11\/FrenchMayLeaflet-RGB-212x300.jpg 212w, https:\/\/vwonlineluxury.com\/wp-content\/uploads\/2016\/11\/FrenchMayLeaflet-RGB-768x1086.jpg 768w, https:\/\/vwonlineluxury.com\/wp-content\/uploads\/2016\/11\/FrenchMayLeaflet-RGB-149x211.jpg 149w, https:\/\/vwonlineluxury.com\/wp-content\/uploads\/2016\/11\/FrenchMayLeaflet-RGB.jpg 1061w\" sizes=\"auto, (max-width: 724px) 100vw, 724px\" \/><img loading=\"lazy\" decoding=\"async\" class=\"alignnone wp-image-6182 size-large\" src=\"http:\/\/vwonlineluxury.com\/wp-content\/uploads\/2016\/11\/FrenchMayLeaflet-RGB3-724x1024.jpg\" alt=\"\" width=\"724\" height=\"1024\" srcset=\"https:\/\/vwonlineluxury.com\/wp-content\/uploads\/2016\/11\/FrenchMayLeaflet-RGB3-724x1024.jpg 724w, https:\/\/vwonlineluxury.com\/wp-content\/uploads\/2016\/11\/FrenchMayLeaflet-RGB3-600x848.jpg 600w, https:\/\/vwonlineluxury.com\/wp-content\/uploads\/2016\/11\/FrenchMayLeaflet-RGB3-212x300.jpg 212w, https:\/\/vwonlineluxury.com\/wp-content\/uploads\/2016\/11\/FrenchMayLeaflet-RGB3-768x1086.jpg 768w, https:\/\/vwonlineluxury.com\/wp-content\/uploads\/2016\/11\/FrenchMayLeaflet-RGB3-149x211.jpg 149w, https:\/\/vwonlineluxury.com\/wp-content\/uploads\/2016\/11\/FrenchMayLeaflet-RGB3.jpg 1061w\" sizes=\"auto, (max-width: 724px) 100vw, 724px\" \/><\/p>\n<h3 style=\"text-align: center;\"><span style=\"color: #b38a34;\"><strong>***************************<\/strong><\/span><\/h3>\n<p><\/p>","protected":false},"excerpt":{"rendered":"<p><strong><span style=\"color: #b38a34;\">BOOK NOW FOR THE BEST SEATS TO GAZE THE WORLD CLASS PERFORMING ARTISTS<\/span><\/strong><\/p>\n<h4><span style=\"color: #808080;\">Early bird discount lasts until the mid-night of April 25, 2017. Tickets for \u201cINCOMPARABLE MUSIC WITH VINCENT LARDERET\u201d are available at URBTIX from 28 April onwards.<\/span><br \/>\n<span style=\"color: #b38a34;\">2-CONCERT, and 2-ART EXHIBITION &amp; COCKTAIL RECEPTION B TICKET | Hong Kong Cultural Centre Concert Hall<\/span><br \/>\n<span style=\"color: #b38a34;\">28 June 2017 (Wed) 7PM<\/span><br \/>\n<span style=\"color: #b38a34;\">ISABELLE RIBOT ART PAINTING EXHIBITION &amp; COCKTAIL RECEPTION<\/span><br \/>\n<span style=\"color: #b38a34;\">28 June 2017 (Wed) 8PM<\/span><br \/>\n<span style=\"color: #b38a34;\">VINCENT LARDERET PIANO RECITAL<\/span><br \/>\n<span style=\"color: #808080;\">PROGRAMME<\/span><br \/>\n<span style=\"color: #808080;\">DEBUSSY <em>Pr\u00e9ludes<\/em>, Book 2<\/span><br \/>\n<span style=\"color: #808080;\">LISZT \u00abApr\u00e8s une lecture de Dante\u00bb from <em>2\u00e8me Ann\u00e9e de P\u00e8lerinage<\/em><\/span><br \/>\n<span style=\"color: #808080;\">BERG <em>Sonata<\/em>, Op 1 (New Brahms \u2013 Berg ARS SACD-CD release)<\/span><br \/>\n<span style=\"color: #808080;\">RAVEL \u00abUne barque sur l\u2019oc\u00e9an\u00bb , \u00abNoctuelles\u00bb , \u00abAlborada del gracioso\u00bb from <em>Miroirs<\/em> (Tribute for the 80th Anniversary of the composer\u2019s death 1937-2017)<\/span><br \/>\n<span style=\"color: #b38a34;\">29 June 2017 (Thu) 7PM<\/span><br \/>\n<span style=\"color: #b38a34;\">ISABELLE RIBOT ART PAINTING EXHIBITION &amp; COCKTAIL RECEPTION<\/span><br \/>\n<span style=\"color: #b38a34;\">29 June 2017 (Thu) 8PM<\/span><br \/>\n<span style=\"color: #b38a34;\">HONG KONG MUSIC AND PERFORMING SCHOOL FACULTY ARTIST CHAMBER CONCERT<\/span><br \/>\n<span style=\"color: #808080;\">PROGRAMME<\/span><br \/>\n<span style=\"color: #808080;\">RAVEL Sonata for Violin and Piano in G major \u2022 Piano trio in A minor<\/span><br \/>\n<span style=\"color: #808080;\">FAUR\u00c9 \u00abElegie\u00bb \u2022 \u00abPapillon\u00bb \u2022 \u00abApr\u00e8s un R\u00eave\u00bb<\/span><br \/>\n<span style=\"color: #808080;\">SAINT-SAENS Havanaise Op.83 \u2022 Introduction and Rondo Capriccioso<\/span><br \/>\n<span style=\"color: #808080;\"><span style=\"color: #b38a34;\">F<\/span><\/span><span style=\"color: #808080;\"><span style=\"color: #b38a34;\">or programme, concession &amp; ticketing information, please visit:<\/span><\/span><\/h4>\n<p style=\"text-align: left;\"><a href=\"http:\/\/hkmusicperforming.com\"><img loading=\"lazy\" decoding=\"async\" class=\"alignnone wp-image-6034\" src=\"http:\/\/vwonlineluxury.com\/wp-content\/uploads\/2016\/09\/HKMPS-1-300x164.png\" alt=\"\" width=\"220\" height=\"120\" srcset=\"https:\/\/vwonlineluxury.com\/wp-content\/uploads\/2016\/09\/HKMPS-1-300x164.png 300w, https:\/\/vwonlineluxury.com\/wp-content\/uploads\/2016\/09\/HKMPS-1-387x211.png 387w, https:\/\/vwonlineluxury.com\/wp-content\/uploads\/2016\/09\/HKMPS-1.png 422w\" sizes=\"auto, (max-width: 220px) 100vw, 220px\" \/><\/a>\u00a0 \u00a0 \u00a0<a href=\"https:\/\/frenchmay.com\/en\/events\/incomparable-music\"><img loading=\"lazy\" decoding=\"async\" class=\"alignnone wp-image-6010\" src=\"http:\/\/vwonlineluxury.com\/wp-content\/uploads\/2017\/03\/17098138_10208548597692726_7987838983158192474_n-300x256.jpg\" alt=\"\" width=\"140\" height=\"120\" srcset=\"https:\/\/vwonlineluxury.com\/wp-content\/uploads\/2017\/03\/17098138_10208548597692726_7987838983158192474_n-300x256.jpg 300w, https:\/\/vwonlineluxury.com\/wp-content\/uploads\/2017\/03\/17098138_10208548597692726_7987838983158192474_n-247x211.jpg 247w, https:\/\/vwonlineluxury.com\/wp-content\/uploads\/2017\/03\/17098138_10208548597692726_7987838983158192474_n.jpg 521w\" sizes=\"auto, (max-width: 140px) 100vw, 140px\" \/><\/a>\u00a0 \u00a0 \u00a0<a href=\"http:\/\/PayPal.Me\/VWOnlineLuxury\"><img loading=\"lazy\" decoding=\"async\" class=\"alignnone wp-image-6143\" src=\"http:\/\/vwonlineluxury.com\/wp-content\/uploads\/2017\/03\/17498837_10208742739986162_8326845866151732594_n-300x292.jpg\" alt=\"\" width=\"140\" height=\"136\" srcset=\"https:\/\/vwonlineluxury.com\/wp-content\/uploads\/2017\/03\/17498837_10208742739986162_8326845866151732594_n-300x292.jpg 300w, https:\/\/vwonlineluxury.com\/wp-content\/uploads\/2017\/03\/17498837_10208742739986162_8326845866151732594_n-216x211.jpg 216w, https:\/\/vwonlineluxury.com\/wp-content\/uploads\/2017\/03\/17498837_10208742739986162_8326845866151732594_n.jpg 357w\" sizes=\"auto, (max-width: 140px) 100vw, 140px\" \/><\/a><\/p>\n<p style=\"text-align: left;\">\n","protected":false},"featured_media":6037,"comment_status":"open","ping_status":"closed","template":"","meta":[],"product_brand":[],"product_cat":[121,254,239,255,251,246],"product_tag":[],"class_list":{"0":"post-6040","1":"product","2":"type-product","3":"status-publish","4":"has-post-thumbnail","6":"product_cat-highend-artmusic","7":"product_cat-concerts","8":"product_cat-artisticplanningmanagement-ticketingservices","9":"product_cat-le-french-may-arts-festival-2017","10":"product_cat-upcoming-events","11":"product_cat-upcoming-concerts","12":"brands-artisticplanningmanagement-ticketingservices","13":"brands-hong-kong-music-and-performing-school","15":"first","16":"instock","17":"shipping-taxable","18":"purchasable","19":"product-type-simple"},"_links":{"self":[{"href":"https:\/\/vwonlineluxury.com\/en\/wp-json\/wp\/v2\/product\/6040","targetHints":{"allow":["GET"]}}],"collection":[{"href":"https:\/\/vwonlineluxury.com\/en\/wp-json\/wp\/v2\/product"}],"about":[{"href":"https:\/\/vwonlineluxury.com\/en\/wp-json\/wp\/v2\/types\/product"}],"replies":[{"embeddable":true,"href":"https:\/\/vwonlineluxury.com\/en\/wp-json\/wp\/v2\/comments?post=6040"}],"wp:featuredmedia":[{"embeddable":true,"href":"https:\/\/vwonlineluxury.com\/en\/wp-json\/wp\/v2\/media\/6037"}],"wp:attachment":[{"href":"https:\/\/vwonlineluxury.com\/en\/wp-json\/wp\/v2\/media?parent=6040"}],"wp:term":[{"taxonomy":"product_brand","embeddable":true,"href":"https:\/\/vwonlineluxury.com\/en\/wp-json\/wp\/v2\/product_brand?post=6040"},{"taxonomy":"product_cat","embeddable":true,"href":"https:\/\/vwonlineluxury.com\/en\/wp-json\/wp\/v2\/product_cat?post=6040"},{"taxonomy":"product_tag","embeddable":true,"href":"https:\/\/vwonlineluxury.com\/en\/wp-json\/wp\/v2\/product_tag?post=6040"}],"curies":[{"name":"wp","href":"https:\/\/api.w.org\/{rel}","templated":true}]}}